{"id":4434,"date":"2022-03-14T14:41:00","date_gmt":"2022-03-14T12:41:00","guid":{"rendered":"https:\/\/springhub.org\/meist\/"},"modified":"2023-04-13T16:17:44","modified_gmt":"2023-04-13T13:17:44","slug":"meist","status":"publish","type":"page","link":"https:\/\/springhub.org\/et\/meist\/","title":{"rendered":"Meist"},"content":{"rendered":"\t\t<div data-elementor-type=\"wp-post\" data-elementor-id=\"4434\" class=\"elementor elementor-4434 elementor-1730\" data-elementor-post-type=\"page\">\n\t\t\t\t\t\t<section class=\"elementor-section elementor-top-section elementor-element elementor-element-3b5f90a3 elementor-section-content-bottom elementor-section-stretched elementor-section-boxed elementor-section-height-default elementor-section-height-default\" data-id=\"3b5f90a3\" data-element_type=\"section\" data-settings=\"{&quot;background_background&quot;:&quot;classic&quot;,&quot;stretch_section&quot;:&quot;section-stretched&quot;}\">\n\t\t\t\t\t\t\t<div class=\"elementor-background-overlay\"><\/div>\n\t\t\t\t\t\t\t<div class=\"elementor-container elementor-column-gap-default\">\n\t\t\t\t\t<div class=\"elementor-column elementor-col-50 elementor-top-column elementor-element elementor-element-74b2af03\" data-id=\"74b2af03\" data-element_type=\"column\" data-settings=\"{&quot;background_background&quot;:&quot;classic&quot;}\">\n\t\t\t<div class=\"elementor-widget-wrap elementor-element-populated\">\n\t\t\t\t\t\t<div class=\"elementor-element elementor-element-376800f3 elementor-widget elementor-widget-heading\" data-id=\"376800f3\" data-element_type=\"widget\" data-widget_type=\"heading.default\">\n\t\t\t\t<div class=\"elementor-widget-container\">\n\t\t\t\t\t<h1 class=\"elementor-heading-title elementor-size-large\">MEIST<\/h1>\t\t\t\t<\/div>\n\t\t\t\t<\/div>\n\t\t\t\t<div class=\"elementor-element elementor-element-1f26576f elementor-widget elementor-widget-text-editor\" data-id=\"1f26576f\" data-element_type=\"widget\" data-widget_type=\"text-editor.default\">\n\t\t\t\t<div class=\"elementor-widget-container\">\n\t\t\t\t\t\t\t\t\tSpring Hub loodi 2016 aastal eesm\u00e4rgiga muuta viise, kuidas v\u00e4ikesed ettev\u00f5tted t\u00f6\u00f6d teevad. Kogemused kinnisvara turul ning sidemed startup \u00f6kos\u00fcsteemis l\u00f5id pinnase ideele luua koost\u00f6\u00f6tamiskeskus, mis oleks tugeva kogukonnaga ning pakuks loovat keskkonda innovatsiooniks.\t\t\t\t\t\t\t\t<\/div>\n\t\t\t\t<\/div>\n\t\t\t\t\t<\/div>\n\t\t<\/div>\n\t\t\t\t<div class=\"elementor-column elementor-col-50 elementor-top-column elementor-element elementor-element-51fc0db7\" data-id=\"51fc0db7\" data-element_type=\"column\">\n\t\t\t<div class=\"elementor-widget-wrap\">\n\t\t\t\t\t\t\t<\/div>\n\t\t<\/div>\n\t\t\t\t\t<\/div>\n\t\t<\/section>\n\t\t\t\t<section class=\"elementor-section elementor-top-section elementor-element elementor-element-36d9442b elementor-section-content-middle elementor-section-boxed elementor-section-height-default elementor-section-height-default\" data-id=\"36d9442b\" data-element_type=\"section\">\n\t\t\t\t\t\t<div class=\"elementor-container elementor-column-gap-no\">\n\t\t\t\t\t<div class=\"elementor-column elementor-col-100 elementor-top-column elementor-element elementor-element-59e207a6\" data-id=\"59e207a6\" data-element_type=\"column\">\n\t\t\t<div class=\"elementor-widget-wrap elementor-element-populated\">\n\t\t\t\t\t\t<div class=\"elementor-element elementor-element-6b016167 elementor-widget elementor-widget-heading\" data-id=\"6b016167\" data-element_type=\"widget\" data-widget_type=\"heading.default\">\n\t\t\t\t<div class=\"elementor-widget-container\">\n\t\t\t\t\t<h4 class=\"elementor-heading-title elementor-size-default\">Meie tiim<\/h4>\t\t\t\t<\/div>\n\t\t\t\t<\/div>\n\t\t\t\t\t<\/div>\n\t\t<\/div>\n\t\t\t\t\t<\/div>\n\t\t<\/section>\n\t\t\t\t<section class=\"elementor-section elementor-top-section elementor-element elementor-element-1a0f7adb elementor-section-content-middle elementor-section-boxed elementor-section-height-default elementor-section-height-default\" data-id=\"1a0f7adb\" data-element_type=\"section\">\n\t\t\t\t\t\t<div class=\"elementor-container elementor-column-gap-no\">\n\t\t\t\t\t<div class=\"elementor-column elementor-col-50 elementor-top-column elementor-element elementor-element-5bb543c\" data-id=\"5bb543c\" data-element_type=\"column\">\n\t\t\t<div class=\"elementor-widget-wrap elementor-element-populated\">\n\t\t\t\t\t\t<div class=\"elementor-element elementor-element-1c59ed68 elementor-vertical-align-middle elementor-widget elementor-widget-image-box\" data-id=\"1c59ed68\" data-element_type=\"widget\" data-widget_type=\"image-box.default\">\n\t\t\t\t<div class=\"elementor-widget-container\">\n\t\t\t\t\t<div class=\"elementor-image-box-wrapper\"><div class=\"elementor-image-box-content\"><h3 class=\"elementor-image-box-title\">OTSIME UUT<\/h3><p class=\"elementor-image-box-description\">COMMUNITY MANAGER<\/p><\/div><\/div>\t\t\t\t<\/div>\n\t\t\t\t<\/div>\n\t\t\t\t<div class=\"elementor-element elementor-element-7fe70b56 elementor-widget elementor-widget-text-editor\" data-id=\"7fe70b56\" data-element_type=\"widget\" data-widget_type=\"text-editor.default\">\n\t\t\t\t<div class=\"elementor-widget-container\">\n\t\t\t\t\t\t\t\t\t<p>Community Manager tegeleb turundusega, kogukonna \u00fcritustega ning vastutab selle eest, et meie keskkond vastaks liikmete vajadustele. Ta on esimene inimene, kes v\u00f5tab vastu uued liikmed ning aitab neil kogukonda sulanduda.<\/p><p>info@springhub.org<\/p>\t\t\t\t\t\t\t\t<\/div>\n\t\t\t\t<\/div>\n\t\t\t\t\t<\/div>\n\t\t<\/div>\n\t\t\t\t<div class=\"elementor-column elementor-col-50 elementor-top-column elementor-element elementor-element-4ef02a31\" data-id=\"4ef02a31\" data-element_type=\"column\">\n\t\t\t<div class=\"elementor-widget-wrap elementor-element-populated\">\n\t\t\t\t\t\t<div class=\"elementor-element elementor-element-4c71eae1 elementor-position-left elementor-vertical-align-middle elementor-widget elementor-widget-image-box\" data-id=\"4c71eae1\" data-element_type=\"widget\" data-widget_type=\"image-box.default\">\n\t\t\t\t<div class=\"elementor-widget-container\">\n\t\t\t\t\t<div class=\"elementor-image-box-wrapper\"><figure class=\"elementor-image-box-img\"><img fetchpriority=\"high\" decoding=\"async\" width=\"2560\" height=\"2560\" src=\"https:\/\/springhub.org\/wp-content\/uploads\/2022\/10\/Triin-ringis-scaled.jpg\" class=\"attachment-full size-full wp-image-5294\" alt=\"\" srcset=\"https:\/\/springhub.org\/wp-content\/uploads\/2022\/10\/Triin-ringis-scaled.jpg 2560w, https:\/\/springhub.org\/wp-content\/uploads\/2022\/10\/Triin-ringis-400x400.jpg 400w, https:\/\/springhub.org\/wp-content\/uploads\/2022\/10\/Triin-ringis-1030x1030.jpg 1030w, https:\/\/springhub.org\/wp-content\/uploads\/2022\/10\/Triin-ringis-80x80.jpg 80w, https:\/\/springhub.org\/wp-content\/uploads\/2022\/10\/Triin-ringis-768x768.jpg 768w, https:\/\/springhub.org\/wp-content\/uploads\/2022\/10\/Triin-ringis-1536x1536.jpg 1536w, https:\/\/springhub.org\/wp-content\/uploads\/2022\/10\/Triin-ringis-2048x2048.jpg 2048w, https:\/\/springhub.org\/wp-content\/uploads\/2022\/10\/Triin-ringis-36x36.jpg 36w, https:\/\/springhub.org\/wp-content\/uploads\/2022\/10\/Triin-ringis-180x180.jpg 180w, https:\/\/springhub.org\/wp-content\/uploads\/2022\/10\/Triin-ringis-1500x1500.jpg 1500w, https:\/\/springhub.org\/wp-content\/uploads\/2022\/10\/Triin-ringis-705x705.jpg 705w\" sizes=\"(max-width: 2560px) 100vw, 2560px\" \/><\/figure><div class=\"elementor-image-box-content\"><h3 class=\"elementor-image-box-title\">TRIIN TAMM<\/h3><p class=\"elementor-image-box-description\">CEO<\/p><\/div><\/div>\t\t\t\t<\/div>\n\t\t\t\t<\/div>\n\t\t\t\t<div class=\"elementor-element elementor-element-75680305 elementor-widget elementor-widget-text-editor\" data-id=\"75680305\" data-element_type=\"widget\" data-settings=\"{&quot;_animation&quot;:&quot;none&quot;}\" data-widget_type=\"text-editor.default\">\n\t\t\t\t<div class=\"elementor-widget-container\">\n\t\t\t\t\t\t\t\t\t<p><span style=\"font-family: Roboto, sans-serif; font-size: 17px; font-style: normal; font-variant-ligatures: normal; font-variant-caps: normal; font-weight: 300;\">Triin tegeleb m\u00fc\u00fcgi, projektide ja koost\u00f6\u00f6ga. Kui oled huvitatud koost\u00f6\u00f6st Spring Hubiga v\u00f5i sul on m\u00f5ni muu huvitav projekt mis v\u00f5iks Spring Hubi kogukonnale kasu tuua siis Triin on see inimene, kellega \u00fchendust v\u00f5tta.<br \/><br \/><\/span><span style=\"font-family: Roboto, sans-serif; font-size: 17px; font-style: normal; font-variant-ligatures: normal; font-variant-caps: normal; font-weight: 300;\">triin.tamm@springhub.org<br \/>+372 5562 3083<\/span><\/p>\t\t\t\t\t\t\t\t<\/div>\n\t\t\t\t<\/div>\n\t\t\t\t\t<\/div>\n\t\t<\/div>\n\t\t\t\t\t<\/div>\n\t\t<\/section>\n\t\t\t\t<\/div>\n\t\t","protected":false},"excerpt":{"rendered":"<p>MEIST Spring Hub loodi 2016 aastal eesm\u00e4rgiga muuta viise, kuidas v\u00e4ikesed ettev\u00f5tted t\u00f6\u00f6d teevad. Kogemused kinnisvara turul ning sidemed startup \u00f6kos\u00fcsteemis l\u00f5id pinnase ideele luua koost\u00f6\u00f6tamiskeskus, mis oleks tugeva kogukonnaga ning pakuks loovat keskkonda innovatsiooniks. Meie tiim OTSIME UUT COMMUNITY MANAGER Community Manager tegeleb turundusega, kogukonna \u00fcritustega ning vastutab selle eest, et meie keskkond vastaks [&hellip;]<\/p>\n","protected":false},"author":1,"featured_media":0,"parent":0,"menu_order":0,"comment_status":"closed","ping_status":"closed","template":"","meta":{"footnotes":""},"class_list":["post-4434","page","type-page","status-publish","hentry"],"_links":{"self":[{"href":"https:\/\/springhub.org\/et\/wp-json\/wp\/v2\/pages\/4434","targetHints":{"allow":["GET"]}}],"collection":[{"href":"https:\/\/springhub.org\/et\/wp-json\/wp\/v2\/pages"}],"about":[{"href":"https:\/\/springhub.org\/et\/wp-json\/wp\/v2\/types\/page"}],"author":[{"embeddable":true,"href":"https:\/\/springhub.org\/et\/wp-json\/wp\/v2\/users\/1"}],"replies":[{"embeddable":true,"href":"https:\/\/springhub.org\/et\/wp-json\/wp\/v2\/comments?post=4434"}],"version-history":[{"count":25,"href":"https:\/\/springhub.org\/et\/wp-json\/wp\/v2\/pages\/4434\/revisions"}],"predecessor-version":[{"id":5465,"href":"https:\/\/springhub.org\/et\/wp-json\/wp\/v2\/pages\/4434\/revisions\/5465"}],"wp:attachment":[{"href":"https:\/\/springhub.org\/et\/wp-json\/wp\/v2\/media?parent=4434"}],"curies":[{"name":"wp","href":"https:\/\/api.w.org\/{rel}","templated":true}]}}