{"id":4438,"date":"2022-03-14T15:30:36","date_gmt":"2022-03-14T13:30:36","guid":{"rendered":"https:\/\/springhub.org\/ruumi-rent\/"},"modified":"2026-01-19T12:32:14","modified_gmt":"2026-01-19T10:32:14","slug":"ruumi-rent","status":"publish","type":"page","link":"https:\/\/springhub.org\/et\/ruumi-rent\/","title":{"rendered":"Koosolekuruumide rent"},"content":{"rendered":"\t\t<div data-elementor-type=\"wp-page\" data-elementor-id=\"4438\" class=\"elementor elementor-4438 elementor-2433\" data-elementor-post-type=\"page\">\n\t\t\t\t\t\t<section class=\"elementor-section elementor-top-section elementor-element elementor-element-594c534e elementor-section-content-bottom elementor-section-stretched elementor-section-boxed elementor-section-height-default elementor-section-height-default\" data-id=\"594c534e\" data-element_type=\"section\" data-settings=\"{&quot;background_background&quot;:&quot;classic&quot;,&quot;stretch_section&quot;:&quot;section-stretched&quot;}\">\n\t\t\t\t\t\t\t<div class=\"elementor-background-overlay\"><\/div>\n\t\t\t\t\t\t\t<div class=\"elementor-container elementor-column-gap-default\">\n\t\t\t\t\t<div class=\"elementor-column elementor-col-50 elementor-top-column elementor-element elementor-element-6d8609ba\" data-id=\"6d8609ba\" data-element_type=\"column\" data-settings=\"{&quot;background_background&quot;:&quot;classic&quot;}\">\n\t\t\t<div class=\"elementor-widget-wrap elementor-element-populated\">\n\t\t\t\t\t\t<div class=\"elementor-element elementor-element-1138fa84 elementor-widget elementor-widget-heading\" data-id=\"1138fa84\" data-element_type=\"widget\" data-widget_type=\"heading.default\">\n\t\t\t\t<div class=\"elementor-widget-container\">\n\t\t\t\t\t<h1 class=\"elementor-heading-title elementor-size-large\">RUUMI RENT<\/h1>\t\t\t\t<\/div>\n\t\t\t\t<\/div>\n\t\t\t\t<div class=\"elementor-element elementor-element-da6ca4e elementor-widget elementor-widget-text-editor\" data-id=\"da6ca4e\" data-element_type=\"widget\" data-widget_type=\"text-editor.default\">\n\t\t\t\t<div class=\"elementor-widget-container\">\n\t\t\t\t\t\t\t\t\t<p>Meilt on v\u00f5imalus rentida koosolekuruume ja \u00fcritustesaali ilma liikmelisuseta. See on heaks lahenduseks kliendikohtumistele, kontoriv\u00e4listele tiimikohtumistele v\u00f5i ettev\u00f5tjate kogukonnale \u00fcrituse korraldamiseks. Loe allpool l\u00e4hemalt erinevatest ruumi v\u00f5imalustest. V\u00f5ta meiega \u00fchendust ja leiame parima lahenduse teie vajadustele.<\/p>\n\t\t\t\t\t\t\t\t<\/div>\n\t\t\t\t<\/div>\n\t\t\t\t\t<\/div>\n\t\t<\/div>\n\t\t\t\t<div class=\"elementor-column elementor-col-50 elementor-top-column elementor-element elementor-element-1912b527\" data-id=\"1912b527\" data-element_type=\"column\">\n\t\t\t<div class=\"elementor-widget-wrap\">\n\t\t\t\t\t\t\t<\/div>\n\t\t<\/div>\n\t\t\t\t\t<\/div>\n\t\t<\/section>\n\t\t\t\t<section class=\"elementor-section elementor-top-section elementor-element elementor-element-76e016ec elementor-section-boxed elementor-section-height-default elementor-section-height-default\" data-id=\"76e016ec\" data-element_type=\"section\">\n\t\t\t\t\t\t<div class=\"elementor-container elementor-column-gap-default\">\n\t\t\t\t\t<div class=\"elementor-column elementor-col-100 elementor-top-column elementor-element elementor-element-65b843fa\" data-id=\"65b843fa\" data-element_type=\"column\">\n\t\t\t<div class=\"elementor-widget-wrap elementor-element-populated\">\n\t\t\t\t\t\t<div class=\"elementor-element elementor-element-2866a3 elementor-widget elementor-widget-heading\" data-id=\"2866a3\" data-element_type=\"widget\" data-widget_type=\"heading.default\">\n\t\t\t\t<div class=\"elementor-widget-container\">\n\t\t\t\t\t<h2 class=\"elementor-heading-title elementor-size-default\">KOOSOLEKURUUMID<\/h2>\t\t\t\t<\/div>\n\t\t\t\t<\/div>\n\t\t\t\t<div class=\"elementor-element elementor-element-65ea8570 elementor-widget elementor-widget-text-editor\" data-id=\"65ea8570\" data-element_type=\"widget\" data-widget_type=\"text-editor.default\">\n\t\t\t\t<div class=\"elementor-widget-container\">\n\t\t\t\t\t\t\t\t\t<p>Meil on seitse t\u00e4isvarustusega koosolekuruumi, mida saab kasutada kohtumiseks klientidega, tiimiaruteludeks v\u00f5i brainstormiks. Meil on 1 neljakohaline koosolekuruum seisulauaga (v\u00f5imalus lisada toole), 5 kuuekohalist koosolekuruumi ning \u00fcks 18-kohaline n\u00f5upidamisruum. K\u00f5igis ruumides on ekraan, tahvel ning v\u00f5imalus videokonverentiks.<\/p>\n\t\t\t\t\t\t\t\t<\/div>\n\t\t\t\t<\/div>\n\t\t\t\t\t<\/div>\n\t\t<\/div>\n\t\t\t\t\t<\/div>\n\t\t<\/section>\n\t\t\t\t<section class=\"elementor-section elementor-top-section elementor-element elementor-element-3091bb3f elementor-section-height-min-height elementor-section-boxed elementor-section-height-default elementor-section-items-middle\" data-id=\"3091bb3f\" data-element_type=\"section\" data-settings=\"{&quot;background_background&quot;:&quot;classic&quot;}\">\n\t\t\t\t\t\t<div class=\"elementor-container elementor-column-gap-no\">\n\t\t\t\t\t<div class=\"elementor-column elementor-col-33 elementor-top-column elementor-element elementor-element-14403ad\" data-id=\"14403ad\" data-element_type=\"column\" data-settings=\"{&quot;background_background&quot;:&quot;classic&quot;}\">\n\t\t\t<div class=\"elementor-widget-wrap elementor-element-populated\">\n\t\t\t\t\t<div class=\"elementor-background-overlay\"><\/div>\n\t\t\t\t\t\t<div class=\"elementor-element elementor-element-4dc09fab elementor-widget elementor-widget-spacer\" data-id=\"4dc09fab\" data-element_type=\"widget\" data-widget_type=\"spacer.default\">\n\t\t\t\t<div class=\"elementor-widget-container\">\n\t\t\t\t\t\t\t<div class=\"elementor-spacer\">\n\t\t\t<div class=\"elementor-spacer-inner\"><\/div>\n\t\t<\/div>\n\t\t\t\t\t\t<\/div>\n\t\t\t\t<\/div>\n\t\t\t\t<section class=\"elementor-section elementor-inner-section elementor-element elementor-element-3c388ed0 elementor-section-boxed elementor-section-height-default elementor-section-height-default\" data-id=\"3c388ed0\" data-element_type=\"section\">\n\t\t\t\t\t\t<div class=\"elementor-container elementor-column-gap-default\">\n\t\t\t\t\t<div class=\"elementor-column elementor-col-50 elementor-inner-column elementor-element elementor-element-90415f5\" data-id=\"90415f5\" data-element_type=\"column\">\n\t\t\t<div class=\"elementor-widget-wrap elementor-element-populated\">\n\t\t\t\t\t\t<div class=\"elementor-element elementor-element-3e0e2f33 elementor-widget elementor-widget-heading\" data-id=\"3e0e2f33\" data-element_type=\"widget\" data-widget_type=\"heading.default\">\n\t\t\t\t<div class=\"elementor-widget-container\">\n\t\t\t\t\t<h4 class=\"elementor-heading-title elementor-size-default\">4 kohaline n\u00f5upidamisruum<\/h4>\t\t\t\t<\/div>\n\t\t\t\t<\/div>\n\t\t\t\t\t<\/div>\n\t\t<\/div>\n\t\t\t\t<div class=\"elementor-column elementor-col-50 elementor-inner-column elementor-element elementor-element-28483acc\" data-id=\"28483acc\" data-element_type=\"column\" data-settings=\"{&quot;background_background&quot;:&quot;classic&quot;}\">\n\t\t\t<div class=\"elementor-widget-wrap elementor-element-populated\">\n\t\t\t\t\t\t<div class=\"elementor-element elementor-element-a09216c elementor-widget elementor-widget-image-box\" data-id=\"a09216c\" data-element_type=\"widget\" data-widget_type=\"image-box.default\">\n\t\t\t\t<div class=\"elementor-widget-container\">\n\t\t\t\t\t<div class=\"elementor-image-box-wrapper\"><div class=\"elementor-image-box-content\"><h5 class=\"elementor-image-box-title\">Tunnihind (lisandub KM)<\/h5><p class=\"elementor-image-box-description\">18\u20ac<\/p><\/div><\/div>\t\t\t\t<\/div>\n\t\t\t\t<\/div>\n\t\t\t\t\t<\/div>\n\t\t<\/div>\n\t\t\t\t\t<\/div>\n\t\t<\/section>\n\t\t\t\t\t<\/div>\n\t\t<\/div>\n\t\t\t\t<div class=\"elementor-column elementor-col-33 elementor-top-column elementor-element elementor-element-6d8e310\" data-id=\"6d8e310\" data-element_type=\"column\" data-settings=\"{&quot;background_background&quot;:&quot;classic&quot;}\">\n\t\t\t<div class=\"elementor-widget-wrap elementor-element-populated\">\n\t\t\t\t\t<div class=\"elementor-background-overlay\"><\/div>\n\t\t\t\t\t\t<div class=\"elementor-element elementor-element-4d6345b3 elementor-widget elementor-widget-spacer\" data-id=\"4d6345b3\" data-element_type=\"widget\" data-widget_type=\"spacer.default\">\n\t\t\t\t<div class=\"elementor-widget-container\">\n\t\t\t\t\t\t\t<div class=\"elementor-spacer\">\n\t\t\t<div class=\"elementor-spacer-inner\"><\/div>\n\t\t<\/div>\n\t\t\t\t\t\t<\/div>\n\t\t\t\t<\/div>\n\t\t\t\t<section class=\"elementor-section elementor-inner-section elementor-element elementor-element-5b158f3b elementor-section-boxed elementor-section-height-default elementor-section-height-default\" data-id=\"5b158f3b\" data-element_type=\"section\">\n\t\t\t\t\t\t<div class=\"elementor-container elementor-column-gap-default\">\n\t\t\t\t\t<div class=\"elementor-column elementor-col-50 elementor-inner-column elementor-element elementor-element-4d2aa161\" data-id=\"4d2aa161\" data-element_type=\"column\">\n\t\t\t<div class=\"elementor-widget-wrap elementor-element-populated\">\n\t\t\t\t\t\t<div class=\"elementor-element elementor-element-1f639eb5 elementor-widget elementor-widget-heading\" data-id=\"1f639eb5\" data-element_type=\"widget\" data-widget_type=\"heading.default\">\n\t\t\t\t<div class=\"elementor-widget-container\">\n\t\t\t\t\t<h4 class=\"elementor-heading-title elementor-size-default\">6 kohaline n\u00f5upidamisruum<\/h4>\t\t\t\t<\/div>\n\t\t\t\t<\/div>\n\t\t\t\t\t<\/div>\n\t\t<\/div>\n\t\t\t\t<div class=\"elementor-column elementor-col-50 elementor-inner-column elementor-element elementor-element-3f2f9e15\" data-id=\"3f2f9e15\" data-element_type=\"column\" data-settings=\"{&quot;background_background&quot;:&quot;classic&quot;}\">\n\t\t\t<div class=\"elementor-widget-wrap elementor-element-populated\">\n\t\t\t\t\t\t<div class=\"elementor-element elementor-element-2f9c09d6 elementor-widget elementor-widget-image-box\" data-id=\"2f9c09d6\" data-element_type=\"widget\" data-widget_type=\"image-box.default\">\n\t\t\t\t<div class=\"elementor-widget-container\">\n\t\t\t\t\t<div class=\"elementor-image-box-wrapper\"><div class=\"elementor-image-box-content\"><h5 class=\"elementor-image-box-title\">Tunnihind (lisandub KM)<\/h5><p class=\"elementor-image-box-description\">24\u20ac<\/p><\/div><\/div>\t\t\t\t<\/div>\n\t\t\t\t<\/div>\n\t\t\t\t\t<\/div>\n\t\t<\/div>\n\t\t\t\t\t<\/div>\n\t\t<\/section>\n\t\t\t\t\t<\/div>\n\t\t<\/div>\n\t\t\t\t<div class=\"elementor-column elementor-col-33 elementor-top-column elementor-element elementor-element-698f5122\" data-id=\"698f5122\" data-element_type=\"column\" data-settings=\"{&quot;background_background&quot;:&quot;classic&quot;}\">\n\t\t\t<div class=\"elementor-widget-wrap elementor-element-populated\">\n\t\t\t\t\t<div class=\"elementor-background-overlay\"><\/div>\n\t\t\t\t\t\t<div class=\"elementor-element elementor-element-257fac24 elementor-widget elementor-widget-spacer\" data-id=\"257fac24\" data-element_type=\"widget\" data-widget_type=\"spacer.default\">\n\t\t\t\t<div class=\"elementor-widget-container\">\n\t\t\t\t\t\t\t<div class=\"elementor-spacer\">\n\t\t\t<div class=\"elementor-spacer-inner\"><\/div>\n\t\t<\/div>\n\t\t\t\t\t\t<\/div>\n\t\t\t\t<\/div>\n\t\t\t\t<section class=\"elementor-section elementor-inner-section elementor-element elementor-element-788b3c96 elementor-section-boxed elementor-section-height-default elementor-section-height-default\" data-id=\"788b3c96\" data-element_type=\"section\">\n\t\t\t\t\t\t<div class=\"elementor-container elementor-column-gap-default\">\n\t\t\t\t\t<div class=\"elementor-column elementor-col-50 elementor-inner-column elementor-element elementor-element-2ed7be06\" data-id=\"2ed7be06\" data-element_type=\"column\">\n\t\t\t<div class=\"elementor-widget-wrap elementor-element-populated\">\n\t\t\t\t\t\t<div class=\"elementor-element elementor-element-373d793c elementor-widget elementor-widget-heading\" data-id=\"373d793c\" data-element_type=\"widget\" data-widget_type=\"heading.default\">\n\t\t\t\t<div class=\"elementor-widget-container\">\n\t\t\t\t\t<h4 class=\"elementor-heading-title elementor-size-default\">18 kohaline n\u00f5upidamisruum<\/h4>\t\t\t\t<\/div>\n\t\t\t\t<\/div>\n\t\t\t\t\t<\/div>\n\t\t<\/div>\n\t\t\t\t<div class=\"elementor-column elementor-col-50 elementor-inner-column elementor-element elementor-element-54a2a121\" data-id=\"54a2a121\" data-element_type=\"column\" data-settings=\"{&quot;background_background&quot;:&quot;classic&quot;}\">\n\t\t\t<div class=\"elementor-widget-wrap elementor-element-populated\">\n\t\t\t\t\t\t<div class=\"elementor-element elementor-element-3a4e3ab8 elementor-widget elementor-widget-image-box\" data-id=\"3a4e3ab8\" data-element_type=\"widget\" data-widget_type=\"image-box.default\">\n\t\t\t\t<div class=\"elementor-widget-container\">\n\t\t\t\t\t<div class=\"elementor-image-box-wrapper\"><div class=\"elementor-image-box-content\"><h5 class=\"elementor-image-box-title\">Tunnihind (lisandub KM)<\/h5><p class=\"elementor-image-box-description\">36\u20ac<\/p><\/div><\/div>\t\t\t\t<\/div>\n\t\t\t\t<\/div>\n\t\t\t\t\t<\/div>\n\t\t<\/div>\n\t\t\t\t\t<\/div>\n\t\t<\/section>\n\t\t\t\t\t<\/div>\n\t\t<\/div>\n\t\t\t\t\t<\/div>\n\t\t<\/section>\n\t\t\t\t<section class=\"elementor-section elementor-top-section elementor-element elementor-element-7b3c94e9 elementor-section-boxed elementor-section-height-default elementor-section-height-default\" data-id=\"7b3c94e9\" data-element_type=\"section\">\n\t\t\t\t\t\t<div class=\"elementor-container elementor-column-gap-default\">\n\t\t\t\t\t<div class=\"elementor-column elementor-col-100 elementor-top-column elementor-element elementor-element-65724e49\" data-id=\"65724e49\" data-element_type=\"column\">\n\t\t\t<div class=\"elementor-widget-wrap elementor-element-populated\">\n\t\t\t\t\t\t<div class=\"elementor-element elementor-element-240aefbe elementor-widget elementor-widget-heading\" data-id=\"240aefbe\" data-element_type=\"widget\" data-widget_type=\"heading.default\">\n\t\t\t\t<div class=\"elementor-widget-container\">\n\t\t\t\t\t<h2 class=\"elementor-heading-title elementor-size-default\">\u00dcRITUSTE RUUM<\/h2>\t\t\t\t<\/div>\n\t\t\t\t<\/div>\n\t\t\t\t\t<\/div>\n\t\t<\/div>\n\t\t\t\t\t<\/div>\n\t\t<\/section>\n\t\t\t\t<section class=\"elementor-section elementor-top-section elementor-element elementor-element-533b5196 elementor-section-boxed elementor-section-height-default elementor-section-height-default\" data-id=\"533b5196\" data-element_type=\"section\">\n\t\t\t\t\t\t<div class=\"elementor-container elementor-column-gap-default\">\n\t\t\t\t\t<div class=\"elementor-column elementor-col-100 elementor-top-column elementor-element elementor-element-3914f0b9\" data-id=\"3914f0b9\" data-element_type=\"column\">\n\t\t\t<div class=\"elementor-widget-wrap elementor-element-populated\">\n\t\t\t\t\t\t<div class=\"elementor-element elementor-element-77d918b4 elementor-widget elementor-widget-text-editor\" data-id=\"77d918b4\" data-element_type=\"widget\" data-widget_type=\"text-editor.default\">\n\t\t\t\t<div class=\"elementor-widget-container\">\n\t\t\t\t\t\t\t\t\t<p>Meie \u00fcrituste saalis on avatud kohvikuala koos suure ekraani ja lavaga ning mahutab kuni 80 inimest. Ruumis on olemas esitlustehnika ning helis\u00fcsteem. Ruumi saab rentida tunnihinnaga 60\u20ac + KM. S\u00f5ltuvalt \u00fcrituse formaadist eelistame ruume rentida v\u00e4ljaspool t\u00f6\u00f6aega (alates 16.00).<\/p>\n\t\t\t\t\t\t\t\t<\/div>\n\t\t\t\t<\/div>\n\t\t\t\t\t<\/div>\n\t\t<\/div>\n\t\t\t\t\t<\/div>\n\t\t<\/section>\n\t\t\t\t<section class=\"elementor-section elementor-top-section elementor-element elementor-element-7197c45 elementor-section-boxed elementor-section-height-default elementor-section-height-default\" data-id=\"7197c45\" data-element_type=\"section\">\n\t\t\t\t\t\t<div class=\"elementor-container elementor-column-gap-default\">\n\t\t\t\t\t<div class=\"elementor-column elementor-col-25 elementor-top-column elementor-element elementor-element-0ea3647\" data-id=\"0ea3647\" data-element_type=\"column\">\n\t\t\t<div class=\"elementor-widget-wrap elementor-element-populated\">\n\t\t\t\t\t\t<div class=\"elementor-element elementor-element-65f1000 elementor-widget elementor-widget-image\" data-id=\"65f1000\" data-element_type=\"widget\" data-widget_type=\"image.default\">\n\t\t\t\t<div class=\"elementor-widget-container\">\n\t\t\t\t\t\t\t\t\t\t\t\t\t\t\t\t<a href=\"https:\/\/springhub.org\/wp-content\/uploads\/2019\/12\/MG_0821-compressor-1.jpg\" data-elementor-open-lightbox=\"no\">\n\t\t\t\t\t\t\t<img fetchpriority=\"high\" decoding=\"async\" width=\"1030\" height=\"703\" src=\"https:\/\/springhub.org\/wp-content\/uploads\/2019\/12\/MG_0821-compressor-1-1030x703.jpg\" class=\"attachment-large size-large wp-image-4204\" alt=\"\" srcset=\"https:\/\/springhub.org\/wp-content\/uploads\/2019\/12\/MG_0821-compressor-1-1030x703.jpg 1030w, https:\/\/springhub.org\/wp-content\/uploads\/2019\/12\/MG_0821-compressor-1-586x400.jpg 586w, https:\/\/springhub.org\/wp-content\/uploads\/2019\/12\/MG_0821-compressor-1-768x524.jpg 768w, https:\/\/springhub.org\/wp-content\/uploads\/2019\/12\/MG_0821-compressor-1-1500x1023.jpg 1500w, https:\/\/springhub.org\/wp-content\/uploads\/2019\/12\/MG_0821-compressor-1-705x481.jpg 705w, https:\/\/springhub.org\/wp-content\/uploads\/2019\/12\/MG_0821-compressor-1.jpg 1598w\" sizes=\"(max-width: 1030px) 100vw, 1030px\" \/>\t\t\t\t\t\t\t\t<\/a>\n\t\t\t\t\t\t\t\t\t\t\t\t\t\t\t<\/div>\n\t\t\t\t<\/div>\n\t\t\t\t\t<\/div>\n\t\t<\/div>\n\t\t\t\t<div class=\"elementor-column elementor-col-25 elementor-top-column elementor-element elementor-element-d2dc715\" data-id=\"d2dc715\" data-element_type=\"column\">\n\t\t\t<div class=\"elementor-widget-wrap elementor-element-populated\">\n\t\t\t\t\t\t<div class=\"elementor-element elementor-element-d820fc3 elementor-widget elementor-widget-image\" data-id=\"d820fc3\" data-element_type=\"widget\" data-widget_type=\"image.default\">\n\t\t\t\t<div class=\"elementor-widget-container\">\n\t\t\t\t\t\t\t\t\t\t\t\t\t\t\t\t<a href=\"https:\/\/springhub.org\/wp-content\/uploads\/2019\/12\/MG_0333-compressor-2.jpg\" data-elementor-open-lightbox=\"no\">\n\t\t\t\t\t\t\t<img decoding=\"async\" width=\"1030\" height=\"690\" src=\"https:\/\/springhub.org\/wp-content\/uploads\/2019\/12\/MG_0333-compressor-2-1030x690.jpg\" class=\"attachment-large size-large wp-image-4211\" alt=\"\" srcset=\"https:\/\/springhub.org\/wp-content\/uploads\/2019\/12\/MG_0333-compressor-2-1030x690.jpg 1030w, https:\/\/springhub.org\/wp-content\/uploads\/2019\/12\/MG_0333-compressor-2-597x400.jpg 597w, https:\/\/springhub.org\/wp-content\/uploads\/2019\/12\/MG_0333-compressor-2-768x514.jpg 768w, https:\/\/springhub.org\/wp-content\/uploads\/2019\/12\/MG_0333-compressor-2-1536x1029.jpg 1536w, https:\/\/springhub.org\/wp-content\/uploads\/2019\/12\/MG_0333-compressor-2-1500x1005.jpg 1500w, https:\/\/springhub.org\/wp-content\/uploads\/2019\/12\/MG_0333-compressor-2-705x472.jpg 705w, https:\/\/springhub.org\/wp-content\/uploads\/2019\/12\/MG_0333-compressor-2.jpg 1620w\" sizes=\"(max-width: 1030px) 100vw, 1030px\" \/>\t\t\t\t\t\t\t\t<\/a>\n\t\t\t\t\t\t\t\t\t\t\t\t\t\t\t<\/div>\n\t\t\t\t<\/div>\n\t\t\t\t\t<\/div>\n\t\t<\/div>\n\t\t\t\t<div class=\"elementor-column elementor-col-25 elementor-top-column elementor-element elementor-element-c7fab63\" data-id=\"c7fab63\" data-element_type=\"column\">\n\t\t\t<div class=\"elementor-widget-wrap elementor-element-populated\">\n\t\t\t\t\t\t<div class=\"elementor-element elementor-element-bd925e0 elementor-widget elementor-widget-image\" data-id=\"bd925e0\" data-element_type=\"widget\" data-widget_type=\"image.default\">\n\t\t\t\t<div class=\"elementor-widget-container\">\n\t\t\t\t\t\t\t\t\t\t\t\t\t\t\t\t<a href=\"https:\/\/springhub.org\/wp-content\/uploads\/2019\/12\/49059701822_1f66a18eea_c-1.jpg\" data-elementor-open-lightbox=\"no\">\n\t\t\t\t\t\t\t<img decoding=\"async\" width=\"800\" height=\"534\" src=\"https:\/\/springhub.org\/wp-content\/uploads\/2019\/12\/49059701822_1f66a18eea_c-1.jpg\" class=\"attachment-large size-large wp-image-4187\" alt=\"\" srcset=\"https:\/\/springhub.org\/wp-content\/uploads\/2019\/12\/49059701822_1f66a18eea_c-1.jpg 800w, https:\/\/springhub.org\/wp-content\/uploads\/2019\/12\/49059701822_1f66a18eea_c-1-600x400.jpg 600w, https:\/\/springhub.org\/wp-content\/uploads\/2019\/12\/49059701822_1f66a18eea_c-1-768x513.jpg 768w, https:\/\/springhub.org\/wp-content\/uploads\/2019\/12\/49059701822_1f66a18eea_c-1-705x471.jpg 705w\" sizes=\"(max-width: 800px) 100vw, 800px\" \/>\t\t\t\t\t\t\t\t<\/a>\n\t\t\t\t\t\t\t\t\t\t\t\t\t\t\t<\/div>\n\t\t\t\t<\/div>\n\t\t\t\t\t<\/div>\n\t\t<\/div>\n\t\t\t\t<div class=\"elementor-column elementor-col-25 elementor-top-column elementor-element elementor-element-a2f3cb6\" data-id=\"a2f3cb6\" data-element_type=\"column\">\n\t\t\t<div class=\"elementor-widget-wrap elementor-element-populated\">\n\t\t\t\t\t\t<div class=\"elementor-element elementor-element-e8d7011 elementor-widget elementor-widget-image\" data-id=\"e8d7011\" data-element_type=\"widget\" data-widget_type=\"image.default\">\n\t\t\t\t<div class=\"elementor-widget-container\">\n\t\t\t\t\t\t\t\t\t\t\t\t\t\t\t\t<a href=\"https:\/\/springhub.org\/wp-content\/uploads\/2019\/12\/DSC_0150.jpg\" data-elementor-open-lightbox=\"no\">\n\t\t\t\t\t\t\t<img loading=\"lazy\" decoding=\"async\" width=\"1030\" height=\"688\" src=\"https:\/\/springhub.org\/wp-content\/uploads\/2019\/12\/DSC_0150-1030x688.jpg\" class=\"attachment-large size-large wp-image-4186\" alt=\"\" srcset=\"https:\/\/springhub.org\/wp-content\/uploads\/2019\/12\/DSC_0150-1030x688.jpg 1030w, https:\/\/springhub.org\/wp-content\/uploads\/2019\/12\/DSC_0150-600x400.jpg 600w, https:\/\/springhub.org\/wp-content\/uploads\/2019\/12\/DSC_0150-768x513.jpg 768w, https:\/\/springhub.org\/wp-content\/uploads\/2019\/12\/DSC_0150-1500x1001.jpg 1500w, https:\/\/springhub.org\/wp-content\/uploads\/2019\/12\/DSC_0150-705x471.jpg 705w, https:\/\/springhub.org\/wp-content\/uploads\/2019\/12\/DSC_0150.jpg 2048w\" sizes=\"(max-width: 1030px) 100vw, 1030px\" \/>\t\t\t\t\t\t\t\t<\/a>\n\t\t\t\t\t\t\t\t\t\t\t\t\t\t\t<\/div>\n\t\t\t\t<\/div>\n\t\t\t\t\t<\/div>\n\t\t<\/div>\n\t\t\t\t\t<\/div>\n\t\t<\/section>\n\t\t\t\t<\/div>\n\t\t","protected":false},"excerpt":{"rendered":"<p>RUUMI RENT Meilt on v\u00f5imalus rentida koosolekuruume ja \u00fcritustesaali ilma liikmelisuseta. See on heaks lahenduseks kliendikohtumistele, kontoriv\u00e4listele tiimikohtumistele v\u00f5i ettev\u00f5tjate kogukonnale \u00fcrituse korraldamiseks. Loe allpool l\u00e4hemalt erinevatest ruumi v\u00f5imalustest. V\u00f5ta meiega \u00fchendust ja leiame parima lahenduse teie vajadustele. KOOSOLEKURUUMID Meil on seitse t\u00e4isvarustusega koosolekuruumi, mida saab kasutada kohtumiseks klientidega, tiimiaruteludeks v\u00f5i brainstormiks. Meil on 1 [&hellip;]<\/p>\n","protected":false},"author":1,"featured_media":0,"parent":0,"menu_order":0,"comment_status":"closed","ping_status":"closed","template":"","meta":{"footnotes":""},"class_list":["post-4438","page","type-page","status-publish","hentry"],"_links":{"self":[{"href":"https:\/\/springhub.org\/et\/wp-json\/wp\/v2\/pages\/4438","targetHints":{"allow":["GET"]}}],"collection":[{"href":"https:\/\/springhub.org\/et\/wp-json\/wp\/v2\/pages"}],"about":[{"href":"https:\/\/springhub.org\/et\/wp-json\/wp\/v2\/types\/page"}],"author":[{"embeddable":true,"href":"https:\/\/springhub.org\/et\/wp-json\/wp\/v2\/users\/1"}],"replies":[{"embeddable":true,"href":"https:\/\/springhub.org\/et\/wp-json\/wp\/v2\/comments?post=4438"}],"version-history":[{"count":17,"href":"https:\/\/springhub.org\/et\/wp-json\/wp\/v2\/pages\/4438\/revisions"}],"predecessor-version":[{"id":5579,"href":"https:\/\/springhub.org\/et\/wp-json\/wp\/v2\/pages\/4438\/revisions\/5579"}],"wp:attachment":[{"href":"https:\/\/springhub.org\/et\/wp-json\/wp\/v2\/media?parent=4438"}],"curies":[{"name":"wp","href":"https:\/\/api.w.org\/{rel}","templated":true}]}}