{"id":4441,"date":"2022-03-14T15:34:32","date_gmt":"2022-03-14T13:34:32","guid":{"rendered":"https:\/\/springhub.org\/blogi\/"},"modified":"2022-08-25T16:03:16","modified_gmt":"2022-08-25T13:03:16","slug":"blogi","status":"publish","type":"page","link":"https:\/\/springhub.org\/et\/blogi\/","title":{"rendered":"Blogi"},"content":{"rendered":"\t\t<div data-elementor-type=\"wp-page\" data-elementor-id=\"4441\" class=\"elementor elementor-4441 elementor-3283\" data-elementor-post-type=\"page\">\n\t\t\t\t\t\t<section class=\"elementor-section elementor-top-section elementor-element elementor-element-5013d33 blog-upper-post elementor-section-boxed elementor-section-height-default elementor-section-height-default\" data-id=\"5013d33\" data-element_type=\"section\">\n\t\t\t\t\t\t<div class=\"elementor-container elementor-column-gap-default\">\n\t\t\t\t\t<div class=\"elementor-column elementor-col-100 elementor-top-column elementor-element elementor-element-e950e06\" data-id=\"e950e06\" data-element_type=\"column\">\n\t\t\t<div class=\"elementor-widget-wrap elementor-element-populated\">\n\t\t\t\t\t\t<div class=\"elementor-element elementor-element-3474e38 elementor-grid-1 elementor-grid-tablet-2 elementor-grid-mobile-1 elementor-posts--thumbnail-top elementor-widget elementor-widget-posts\" data-id=\"3474e38\" data-element_type=\"widget\" data-settings=\"{&quot;classic_columns&quot;:&quot;1&quot;,&quot;classic_columns_tablet&quot;:&quot;2&quot;,&quot;classic_columns_mobile&quot;:&quot;1&quot;,&quot;classic_row_gap&quot;:{&quot;unit&quot;:&quot;px&quot;,&quot;size&quot;:35,&quot;sizes&quot;:[]},&quot;classic_row_gap_tablet&quot;:{&quot;unit&quot;:&quot;px&quot;,&quot;size&quot;:&quot;&quot;,&quot;sizes&quot;:[]},&quot;classic_row_gap_mobile&quot;:{&quot;unit&quot;:&quot;px&quot;,&quot;size&quot;:&quot;&quot;,&quot;sizes&quot;:[]}}\" data-widget_type=\"posts.classic\">\n\t\t\t\t<div class=\"elementor-widget-container\">\n\t\t\t\t\t\t\t<div class=\"elementor-posts-container elementor-posts elementor-posts--skin-classic elementor-grid\" role=\"list\">\n\t\t\t\t<article class=\"elementor-post elementor-grid-item post-5384 post type-post status-publish format-standard has-post-thumbnail hentry category-uncategorized-et\" role=\"listitem\">\n\t\t\t\t<a class=\"elementor-post__thumbnail__link\" href=\"https:\/\/springhub.org\/et\/spring-hubi-kevadine-soodustus-dedicated-ja-hot-desk-liikmelisused-lausa-30-soodsamalt-piiratud-ajaga-pakkumine\/\" tabindex=\"-1\" >\n\t\t\t<div class=\"elementor-post__thumbnail\"><img fetchpriority=\"high\" decoding=\"async\" width=\"2000\" height=\"1334\" src=\"https:\/\/springhub.org\/wp-content\/uploads\/2023\/03\/Spring-Hub-March-sale.jpg\" class=\"attachment-full size-full wp-image-5363\" alt=\"\" srcset=\"https:\/\/springhub.org\/wp-content\/uploads\/2023\/03\/Spring-Hub-March-sale.jpg 2000w, https:\/\/springhub.org\/wp-content\/uploads\/2023\/03\/Spring-Hub-March-sale-600x400.jpg 600w, https:\/\/springhub.org\/wp-content\/uploads\/2023\/03\/Spring-Hub-March-sale-1030x687.jpg 1030w, https:\/\/springhub.org\/wp-content\/uploads\/2023\/03\/Spring-Hub-March-sale-768x512.jpg 768w, https:\/\/springhub.org\/wp-content\/uploads\/2023\/03\/Spring-Hub-March-sale-1536x1025.jpg 1536w, https:\/\/springhub.org\/wp-content\/uploads\/2023\/03\/Spring-Hub-March-sale-1500x1001.jpg 1500w, https:\/\/springhub.org\/wp-content\/uploads\/2023\/03\/Spring-Hub-March-sale-705x470.jpg 705w\" sizes=\"(max-width: 2000px) 100vw, 2000px\" \/><\/div>\n\t\t<\/a>\n\t\t\t\t<div class=\"elementor-post__text\">\n\t\t\t\t<h2 class=\"elementor-post__title\">\n\t\t\t<a href=\"https:\/\/springhub.org\/et\/spring-hubi-kevadine-soodustus-dedicated-ja-hot-desk-liikmelisused-lausa-30-soodsamalt-piiratud-ajaga-pakkumine\/\" >\n\t\t\t\tSpring Hubi kevadine soodustus: dedicated ja hot desk liikmelisused lausa 30% soodsamalt &#8211; Piiratud ajaga pakkumine!\t\t\t<\/a>\n\t\t<\/h2>\n\t\t\t\t<div class=\"elementor-post__meta-data\">\n\t\t\t\t\t<span class=\"elementor-post-date\">\n\t\t\t07.03.23\t\t<\/span>\n\t\t\t\t<\/div>\n\t\t\t\t<\/div>\n\t\t\t\t<\/article>\n\t\t\t\t<\/div>\n\t\t\n\t\t\t\t\t\t<\/div>\n\t\t\t\t<\/div>\n\t\t\t\t\t<\/div>\n\t\t<\/div>\n\t\t\t\t\t<\/div>\n\t\t<\/section>\n\t\t\t\t<section class=\"elementor-section elementor-top-section elementor-element elementor-element-e9ed198 blog-grid elementor-section-boxed elementor-section-height-default elementor-section-height-default\" data-id=\"e9ed198\" data-element_type=\"section\">\n\t\t\t\t\t\t<div class=\"elementor-container elementor-column-gap-default\">\n\t\t\t\t\t<div class=\"elementor-column elementor-col-100 elementor-top-column elementor-element elementor-element-eb38f44\" data-id=\"eb38f44\" data-element_type=\"column\">\n\t\t\t<div class=\"elementor-widget-wrap elementor-element-populated\">\n\t\t\t\t\t\t<div class=\"elementor-element elementor-element-6e2c3b2 elementor-grid-3 elementor-grid-tablet-2 elementor-grid-mobile-1 elementor-posts--thumbnail-top elementor-widget elementor-widget-posts\" data-id=\"6e2c3b2\" data-element_type=\"widget\" data-settings=\"{&quot;classic_row_gap&quot;:{&quot;unit&quot;:&quot;px&quot;,&quot;size&quot;:50,&quot;sizes&quot;:[]},&quot;classic_columns&quot;:&quot;3&quot;,&quot;classic_columns_tablet&quot;:&quot;2&quot;,&quot;classic_columns_mobile&quot;:&quot;1&quot;,&quot;classic_row_gap_tablet&quot;:{&quot;unit&quot;:&quot;px&quot;,&quot;size&quot;:&quot;&quot;,&quot;sizes&quot;:[]},&quot;classic_row_gap_mobile&quot;:{&quot;unit&quot;:&quot;px&quot;,&quot;size&quot;:&quot;&quot;,&quot;sizes&quot;:[]}}\" data-widget_type=\"posts.classic\">\n\t\t\t\t<div class=\"elementor-widget-container\">\n\t\t\t\t\t\t\t<div class=\"elementor-posts-container elementor-posts elementor-posts--skin-classic elementor-grid\" role=\"list\">\n\t\t\t\t<article class=\"elementor-post elementor-grid-item post-5384 post type-post status-publish format-standard has-post-thumbnail hentry category-uncategorized-et\" role=\"listitem\">\n\t\t\t\t<a class=\"elementor-post__thumbnail__link\" href=\"https:\/\/springhub.org\/et\/spring-hubi-kevadine-soodustus-dedicated-ja-hot-desk-liikmelisused-lausa-30-soodsamalt-piiratud-ajaga-pakkumine\/\" tabindex=\"-1\" >\n\t\t\t<div class=\"elementor-post__thumbnail\"><img decoding=\"async\" width=\"600\" height=\"400\" src=\"https:\/\/springhub.org\/wp-content\/uploads\/2023\/03\/Spring-Hub-March-sale-600x400.jpg\" class=\"attachment-medium size-medium wp-image-5363\" alt=\"\" srcset=\"https:\/\/springhub.org\/wp-content\/uploads\/2023\/03\/Spring-Hub-March-sale-600x400.jpg 600w, https:\/\/springhub.org\/wp-content\/uploads\/2023\/03\/Spring-Hub-March-sale-1030x687.jpg 1030w, https:\/\/springhub.org\/wp-content\/uploads\/2023\/03\/Spring-Hub-March-sale-768x512.jpg 768w, https:\/\/springhub.org\/wp-content\/uploads\/2023\/03\/Spring-Hub-March-sale-1536x1025.jpg 1536w, https:\/\/springhub.org\/wp-content\/uploads\/2023\/03\/Spring-Hub-March-sale-1500x1001.jpg 1500w, https:\/\/springhub.org\/wp-content\/uploads\/2023\/03\/Spring-Hub-March-sale-705x470.jpg 705w, https:\/\/springhub.org\/wp-content\/uploads\/2023\/03\/Spring-Hub-March-sale.jpg 2000w\" sizes=\"(max-width: 600px) 100vw, 600px\" \/><\/div>\n\t\t<\/a>\n\t\t\t\t<div class=\"elementor-post__text\">\n\t\t\t\t<h2 class=\"elementor-post__title\">\n\t\t\t<a href=\"https:\/\/springhub.org\/et\/spring-hubi-kevadine-soodustus-dedicated-ja-hot-desk-liikmelisused-lausa-30-soodsamalt-piiratud-ajaga-pakkumine\/\" >\n\t\t\t\tSpring Hubi kevadine soodustus: dedicated ja hot desk liikmelisused lausa 30% soodsamalt &#8211; Piiratud ajaga pakkumine!\t\t\t<\/a>\n\t\t<\/h2>\n\t\t\t\t<div class=\"elementor-post__meta-data\">\n\t\t\t\t\t<span class=\"elementor-post-date\">\n\t\t\t07.03.23\t\t<\/span>\n\t\t\t\t<\/div>\n\t\t\t\t<div class=\"elementor-post__excerpt\">\n\t\t\t<p>Kevad on parim aeg millekski uueks &#8211; tule \u00fchine Spring Hub koost\u00f6\u00f6tamiskontoriga! M\u00e4rtsikuus liitujatele pakume eriti kevadisi hindu &#8211;<\/p>\n\t\t<\/div>\n\t\t\t\t<\/div>\n\t\t\t\t<\/article>\n\t\t\t\t<article class=\"elementor-post elementor-grid-item post-4728 post type-post status-publish format-standard has-post-thumbnail hentry category-uncategorized-et\" role=\"listitem\">\n\t\t\t\t<a class=\"elementor-post__thumbnail__link\" href=\"https:\/\/springhub.org\/et\/kuidas-valida-koostootamiskontorit-8-asja-millele-moelda\/\" tabindex=\"-1\" >\n\t\t\t<div class=\"elementor-post__thumbnail\"><img decoding=\"async\" width=\"600\" height=\"237\" src=\"https:\/\/springhub.org\/wp-content\/uploads\/2021\/11\/IMG_1949-1-600x237.png\" class=\"attachment-medium size-medium wp-image-4322\" alt=\"\" srcset=\"https:\/\/springhub.org\/wp-content\/uploads\/2021\/11\/IMG_1949-1-600x237.png 600w, https:\/\/springhub.org\/wp-content\/uploads\/2021\/11\/IMG_1949-1-1030x407.png 1030w, https:\/\/springhub.org\/wp-content\/uploads\/2021\/11\/IMG_1949-1-768x303.png 768w, https:\/\/springhub.org\/wp-content\/uploads\/2021\/11\/IMG_1949-1-1536x607.png 1536w, https:\/\/springhub.org\/wp-content\/uploads\/2021\/11\/IMG_1949-1-1500x593.png 1500w, https:\/\/springhub.org\/wp-content\/uploads\/2021\/11\/IMG_1949-1-705x278.png 705w, https:\/\/springhub.org\/wp-content\/uploads\/2021\/11\/IMG_1949-1.png 2000w\" sizes=\"(max-width: 600px) 100vw, 600px\" \/><\/div>\n\t\t<\/a>\n\t\t\t\t<div class=\"elementor-post__text\">\n\t\t\t\t<h2 class=\"elementor-post__title\">\n\t\t\t<a href=\"https:\/\/springhub.org\/et\/kuidas-valida-koostootamiskontorit-8-asja-millele-moelda\/\" >\n\t\t\t\tKuidas valida koost\u00f6\u00f6tamiskontorit? 8 asja millele m\u00f5elda\t\t\t<\/a>\n\t\t<\/h2>\n\t\t\t\t<div class=\"elementor-post__meta-data\">\n\t\t\t\t\t<span class=\"elementor-post-date\">\n\t\t\t14.04.22\t\t<\/span>\n\t\t\t\t<\/div>\n\t\t\t\t<div class=\"elementor-post__excerpt\">\n\t\t\t<p>Kas sa otsid koost\u00f6\u00f6tamiskontorit ja ei tea, kuidas valida see \u00f5ige sinu jaoks? Koostasime nimekirja punktidest, millele m\u00f5elda ja<\/p>\n\t\t<\/div>\n\t\t\t\t<\/div>\n\t\t\t\t<\/article>\n\t\t\t\t<article class=\"elementor-post elementor-grid-item post-4726 post type-post status-publish format-standard has-post-thumbnail hentry category-uncategorized-et\" role=\"listitem\">\n\t\t\t\t<a class=\"elementor-post__thumbnail__link\" href=\"https:\/\/springhub.org\/et\/5-viisi-kuidas-hoida-oma-energiat-uleval-ilma-kohvita\/\" tabindex=\"-1\" >\n\t\t\t<div class=\"elementor-post__thumbnail\"><img loading=\"lazy\" decoding=\"async\" width=\"600\" height=\"224\" src=\"https:\/\/springhub.org\/wp-content\/uploads\/2021\/11\/annika_kohvi-600x224.png\" class=\"attachment-medium size-medium wp-image-4320\" alt=\"\" srcset=\"https:\/\/springhub.org\/wp-content\/uploads\/2021\/11\/annika_kohvi-600x224.png 600w, https:\/\/springhub.org\/wp-content\/uploads\/2021\/11\/annika_kohvi-1030x384.png 1030w, https:\/\/springhub.org\/wp-content\/uploads\/2021\/11\/annika_kohvi-768x286.png 768w, https:\/\/springhub.org\/wp-content\/uploads\/2021\/11\/annika_kohvi-1536x572.png 1536w, https:\/\/springhub.org\/wp-content\/uploads\/2021\/11\/annika_kohvi-1500x559.png 1500w, https:\/\/springhub.org\/wp-content\/uploads\/2021\/11\/annika_kohvi-705x263.png 705w, https:\/\/springhub.org\/wp-content\/uploads\/2021\/11\/annika_kohvi.png 2000w\" sizes=\"(max-width: 600px) 100vw, 600px\" \/><\/div>\n\t\t<\/a>\n\t\t\t\t<div class=\"elementor-post__text\">\n\t\t\t\t<h2 class=\"elementor-post__title\">\n\t\t\t<a href=\"https:\/\/springhub.org\/et\/5-viisi-kuidas-hoida-oma-energiat-uleval-ilma-kohvita\/\" >\n\t\t\t\t5 viisi kuidas hoida oma energiat \u00fcleval ilma kohvita\t\t\t<\/a>\n\t\t<\/h2>\n\t\t\t\t<div class=\"elementor-post__meta-data\">\n\t\t\t\t\t<span class=\"elementor-post-date\">\n\t\t\t14.04.22\t\t<\/span>\n\t\t\t\t<\/div>\n\t\t\t\t<div class=\"elementor-post__excerpt\">\n\t\t\t<p>Siin on m\u00f5ned trikid, mida meie liikmed kasutavad, et kohvi mitte liiga palju juua. Kuigi kohvi ei ole \u00fcldiselt<\/p>\n\t\t<\/div>\n\t\t\t\t<\/div>\n\t\t\t\t<\/article>\n\t\t\t\t<article class=\"elementor-post elementor-grid-item post-4724 post type-post status-publish format-standard has-post-thumbnail hentry category-uncategorized-et\" role=\"listitem\">\n\t\t\t\t<a class=\"elementor-post__thumbnail__link\" href=\"https:\/\/springhub.org\/et\/miks-on-koostootamiskontor-parem-kui-kodukontor\/\" tabindex=\"-1\" >\n\t\t\t<div class=\"elementor-post__thumbnail\"><img loading=\"lazy\" decoding=\"async\" width=\"600\" height=\"239\" src=\"https:\/\/springhub.org\/wp-content\/uploads\/2021\/11\/MG_0254-1-1-600x239.png\" class=\"attachment-medium size-medium wp-image-4321\" alt=\"\" srcset=\"https:\/\/springhub.org\/wp-content\/uploads\/2021\/11\/MG_0254-1-1-600x239.png 600w, https:\/\/springhub.org\/wp-content\/uploads\/2021\/11\/MG_0254-1-1-1030x410.png 1030w, https:\/\/springhub.org\/wp-content\/uploads\/2021\/11\/MG_0254-1-1-768x306.png 768w, https:\/\/springhub.org\/wp-content\/uploads\/2021\/11\/MG_0254-1-1-1536x612.png 1536w, https:\/\/springhub.org\/wp-content\/uploads\/2021\/11\/MG_0254-1-1-1500x598.png 1500w, https:\/\/springhub.org\/wp-content\/uploads\/2021\/11\/MG_0254-1-1-705x281.png 705w, https:\/\/springhub.org\/wp-content\/uploads\/2021\/11\/MG_0254-1-1.png 2000w\" sizes=\"(max-width: 600px) 100vw, 600px\" \/><\/div>\n\t\t<\/a>\n\t\t\t\t<div class=\"elementor-post__text\">\n\t\t\t\t<h2 class=\"elementor-post__title\">\n\t\t\t<a href=\"https:\/\/springhub.org\/et\/miks-on-koostootamiskontor-parem-kui-kodukontor\/\" >\n\t\t\t\tMiks on koost\u00f6\u00f6tamiskontor parem kui (kodu)kontor?\t\t\t<\/a>\n\t\t<\/h2>\n\t\t\t\t<div class=\"elementor-post__meta-data\">\n\t\t\t\t\t<span class=\"elementor-post-date\">\n\t\t\t14.04.22\t\t<\/span>\n\t\t\t\t<\/div>\n\t\t\t\t<div class=\"elementor-post__excerpt\">\n\t\t\t<p>Madalamad kulud Oma kontori loomine n\u00f5uab investeeringuid m\u00f6\u00f6blisse ning tihti lasub tiimis \u00fchele inimesele kontori haldusega seotud \u00fclesanded (koristuse,<\/p>\n\t\t<\/div>\n\t\t\t\t<\/div>\n\t\t\t\t<\/article>\n\t\t\t\t<\/div>\n\t\t\n\t\t\t\t\t\t<\/div>\n\t\t\t\t<\/div>\n\t\t\t\t\t<\/div>\n\t\t<\/div>\n\t\t\t\t\t<\/div>\n\t\t<\/section>\n\t\t\t\t<\/div>\n\t\t","protected":false},"excerpt":{"rendered":"","protected":false},"author":1,"featured_media":0,"parent":0,"menu_order":0,"comment_status":"closed","ping_status":"closed","template":"","meta":{"footnotes":""},"class_list":["post-4441","page","type-page","status-publish","hentry"],"_links":{"self":[{"href":"https:\/\/springhub.org\/et\/wp-json\/wp\/v2\/pages\/4441","targetHints":{"allow":["GET"]}}],"collection":[{"href":"https:\/\/springhub.org\/et\/wp-json\/wp\/v2\/pages"}],"about":[{"href":"https:\/\/springhub.org\/et\/wp-json\/wp\/v2\/types\/page"}],"author":[{"embeddable":true,"href":"https:\/\/springhub.org\/et\/wp-json\/wp\/v2\/users\/1"}],"replies":[{"embeddable":true,"href":"https:\/\/springhub.org\/et\/wp-json\/wp\/v2\/comments?post=4441"}],"version-history":[{"count":1,"href":"https:\/\/springhub.org\/et\/wp-json\/wp\/v2\/pages\/4441\/revisions"}],"predecessor-version":[{"id":4442,"href":"https:\/\/springhub.org\/et\/wp-json\/wp\/v2\/pages\/4441\/revisions\/4442"}],"wp:attachment":[{"href":"https:\/\/springhub.org\/et\/wp-json\/wp\/v2\/media?parent=4441"}],"curies":[{"name":"wp","href":"https:\/\/api.w.org\/{rel}","templated":true}]}}