{"id":4449,"date":"2022-03-14T16:05:25","date_gmt":"2022-03-14T14:05:25","guid":{"rendered":"https:\/\/springhub.org\/spring-hub-privaatsuspoliitika\/"},"modified":"2022-09-27T12:24:18","modified_gmt":"2022-09-27T09:24:18","slug":"spring-hub-privaatsuspoliitika","status":"publish","type":"page","link":"https:\/\/springhub.org\/et\/spring-hub-privaatsuspoliitika\/","title":{"rendered":"Spring Hub Privaatsuspoliitika"},"content":{"rendered":"\t\t<div data-elementor-type=\"wp-page\" data-elementor-id=\"4449\" class=\"elementor elementor-4449 elementor-3402\" data-elementor-post-type=\"page\">\n\t\t\t\t\t\t<section class=\"elementor-section elementor-top-section elementor-element elementor-element-ac13e6a elementor-section-boxed elementor-section-height-default elementor-section-height-default\" data-id=\"ac13e6a\" data-element_type=\"section\">\n\t\t\t\t\t\t<div class=\"elementor-container elementor-column-gap-default\">\n\t\t\t\t\t<div class=\"elementor-column elementor-col-100 elementor-top-column elementor-element elementor-element-44ead15\" data-id=\"44ead15\" data-element_type=\"column\">\n\t\t\t<div class=\"elementor-widget-wrap elementor-element-populated\">\n\t\t\t\t\t\t<div class=\"elementor-element elementor-element-f3fe269 elementor-widget elementor-widget-heading\" data-id=\"f3fe269\" data-element_type=\"widget\" data-widget_type=\"heading.default\">\n\t\t\t\t<div class=\"elementor-widget-container\">\n\t\t\t\t\t<h2 class=\"elementor-heading-title elementor-size-default\">PRIVAATSUSPOLIITIKA<\/h2>\t\t\t\t<\/div>\n\t\t\t\t<\/div>\n\t\t\t\t<div class=\"elementor-element elementor-element-783dbf5 elementor-widget elementor-widget-heading\" data-id=\"783dbf5\" data-element_type=\"widget\" data-widget_type=\"heading.default\">\n\t\t\t\t<div class=\"elementor-widget-container\">\n\t\t\t\t\t<h2 class=\"elementor-heading-title elementor-size-default\">spring hub koost\u00f6\u00f6tamiskeskus<\/h2>\t\t\t\t<\/div>\n\t\t\t\t<\/div>\n\t\t\t\t<div class=\"elementor-element elementor-element-f8fde42 elementor-widget elementor-widget-text-editor\" data-id=\"f8fde42\" data-element_type=\"widget\" data-widget_type=\"text-editor.default\">\n\t\t\t\t<div class=\"elementor-widget-container\">\n\t\t\t\t\t\t\t\t\tViimane uuendus: 22.09.2022\r\n\r\nSpring Hubis oleme v\u00f5tnud eesm\u00e4rgiks kaitsta sinu personaalse info privaatsust ja turvalisust, mida me omame ja t\u00f6\u00f6tleme. See Privaatsuspoliitika annab sulle \u00fclevaate kuidas me kogume ja kasutame seda informatsiooni mis tekib, kui sa kasutad meie teenuseid, mis on m\u00e4rgitud kodulehel www.springhub.org (\u201cKoduleht\u201d) v\u00f5i muid teenuseid (\u201cTeenused\u201d), mida me pakume v\u00f5i kui kogume sinu isiklikku informatsiooni kodulehel www.springhub.org v\u00f5i Facebooki lehel https:\/\/www.facebook.com\/SpringHubTallinn v\u00f5i meie Liikmete Portaalis (Members Portal).\r\n\r\nKasutades v\u00f5i suheldes meie Kodulehe v\u00f5i Teenusega, sina kui kodulehe, Facebooki lehe kasutajana v\u00f5i kliendina (\u201cKasutaja\u201d, \u201cKlient\u201d v\u00f5i \u201csina\u201d) n\u00f5ustud selle privaatsuspoliitika s\u00e4tedega ja kinnitad, et oled lugenud ja aru saanud nendest s\u00e4tetest.\r\n\r\nMe t\u00f6\u00f6tleme Personaalset infot antud Privaatsuspoliitika kontekstis koosk\u00f5las kohaldatava seadusandlusega, kaasaarvatud Isikuandmete kaitse \u00fcldm\u00e4\u00e4rusega (2016\/679) (\u201cGDPR\u201d) ja kohaldatavate rahvuslike isikuandmete kaitse seadustega Eestis (\u201cIsikukaitse Seadus\u201d).\r\n\r\n1. Eeskirja ulatus\r\nSee eeskiri kirjeldab, kuidas me isikuandmeid t\u00f6\u00f6tleme seoses:\r\n\u2022 k\u00f5igi k\u00fcsimustega, mis on seotud meie klientide, endiste klientide ja potentsiaalsete klientidega;\r\n\u2022 uudiskirjade ja turundusteabega;\r\n\u2022 v\u00e4rbamismenetlusega;\r\n\u2022 k\u00fcpsistega, mida meie veebilehel kasutatakse;\r\n\u2022 k\u00f5igi meie seadusj\u00e4rgsete kohustustega seoses isikuandmete kaitse \u00fcldm\u00e4\u00e4rusega, mistahes asjakohase andmekaitseseadusega ja seaduse v\u00f5i m\u00e4\u00e4rusega, mida v\u00f5ib kohaldada.\r\n\r\n2. Andmet\u00f6\u00f6tluse eesm\u00e4rgid, vahendid ja s\u00e4ilitamistingimused\r\na) Uudised, v\u00e4ljaanded ja \u00fcritused: me v\u00f5ime kasutada teie edastatud teavet (nime, tiitlit, positsiooni, teie e-posti aadressi, mistahes esitatud telefoninumbrit, teie aadressi ja muud teavet), et saata teile viimaseid Workland muudatustega seotud uudiseid, meie osutatud teenuste ulatust ning samuti teavet tulevaste \u00fcrituste kohta, mis teid huvitada v\u00f5ib, sh koolitusseminare. Me kasutame teie isikuandmeid sellel eesm\u00e4rgil, kuni te teavitate meid, et te ei soovi enam meilt sellist teavet saada.\r\nb) K\u00fcpsised: me kasutame k\u00fcpsiseid, et saada teavet, kuidas te meie veebilehte kasutate. K\u00fcpsised lubavad meil teile pakkuda efektiivsemat ja k\u00e4ttesaadavamat kogemust, kui kasutate meie veebilehte. Kolmandate poolte pakutud k\u00fcpsised aitavad meil meie erinevatel kanalitel kasutatavate reklaamide asjakohasust t\u00f5husamaks muuta. See teave ei sisalda \u00fcldiselt andmeid, mis lubaks meil teid f\u00fc\u00fcsilise isikuna individuaalselt identifitseerida.\r\nc) V\u00e4rbamine: Me v\u00f5ime kasutada veebilehte ja teisi veebilehel loetletud kontaktkanaleid, et teie t\u00f6\u00f6koha v\u00f5i t\u00f6\u00f6praktika avalduse kohta teavet koguda. Me kasutame isikuandmeid, mis on lisatud dokumentidesse, mille te olete meile oma avalduses esitanud. Me s\u00e4ilitame v\u00e4rbamismenetluse kaudu saadud andmed nii kaua kui vajalik, et avaldust hinnata, ning vastavuses k\u00f5igi asjakohaste seaduste ja m\u00e4\u00e4rustega. Lisaks v\u00f5ime me k\u00fcsida teie n\u00f5usolekut, et s\u00e4ilitada teie isikuandmed m\u00f5ni aeg p\u00e4rast seda, kui me oleme teie avaldust hinnanud.\r\n\r\n3. Teie isikuandmete t\u00f6\u00f6tlemise juriidiline alus\r\nMe t\u00f6\u00f6tleme teie isikuandmeid j\u00e4rgmistel alustel:\r\n\u2022 teie n\u00f5usolek;\r\n\u2022 meievaheline juriidiline leping, mis m\u00e4\u00e4rab andmet\u00f6\u00f6tluse alused;\r\n\u2022 juriidilised kohustused, millele me allutatud oleme; ja\/v\u00f5i\r\n\u2022 meie \u00f5igustatud huvi tagamaks oma teenuste kvaliteedi.\r\nMe piirame teie isikuandmete t\u00f6\u00f6tlemist andmete kogumiseesm\u00e4rgi ulatuses. Teie andmetele p\u00e4\u00e4sevad ligi ainult t\u00f6\u00f6tajad, kellel on vaja teie andmeid t\u00f6\u00f6delda, et t\u00e4ita oma ametialaseid kohustusi ja vastutusi teie kui kliendi suhtes. Teie isikuandmeid ei s\u00e4ilitata ega t\u00f6\u00f6delda kauem, kui on vaja seoses andmet\u00f6\u00f6tluse eesm\u00e4rkidega, mis me oleme \u00fclal loetlenud.\r\n\r\nMe oleme v\u00f5tnud asjakohased, tehnilised ja organisatsioonilised meetmed, et kindlustada teie isikuandmete turvaline t\u00f6\u00f6tlus. Teie andmed t\u00f6\u00f6deldakse sellisel viisil, et kindlustada konfidentsiaalsus ja andmeterviklus.\r\n\r\n4. Teie \u00f5igused andmesubjektina\r\nMeil on kohustus tagada teie isikuandmete \u00f5igsus ja ajakohasus. Palume teil meid aidata seda kohustust t\u00e4ita, tagades selle, et te teavitate meid, kui tehtud on mingigi muudatus teie isikuandmetesse, mida me t\u00f6\u00f6tleme.\r\nTe v\u00f5ite seoses oma isikuandmete t\u00f6\u00f6tlemisega kasutada igal ajal j\u00e4rgmisi \u00f5igusi.\r\na) \u00d5igus juurdep\u00e4\u00e4suks: teil on \u00f5igus paluda juurdep\u00e4\u00e4su mistahes andmetele, mida v\u00f5ib pidada teie isikuandmeteks. See sisaldab n\u00e4iteks \u00f5igust olla teadlik, kas me t\u00f6\u00f6tleme teie isikuandmeid, milliseid isikuandmete kategooriaid me t\u00f6\u00f6tleme ja meie andmet\u00f6\u00f6tlemise eesm\u00e4rkidest.\r\nb) \u00d5igus parandada: teil on \u00f5igus paluda, et me muudaks mistahes isikuandmeid, kui teile tundub, et need on valed v\u00f5i mittet\u00e4ielikud.\r\nc) \u00d5igus esitada vastuv\u00e4iteid: teil on \u00f5igus mitte lubada teatud isikuandmete t\u00f6\u00f6tlemist, sealhulgas n\u00e4iteks keelata oma isikuandmete t\u00f6\u00f6tlemist turunduslikel eesm\u00e4rkidel v\u00f5i kui meie muul moel tugineme teie andmete t\u00f6\u00f6tlemisel oma \u00f5igustatud huvile.\r\nd) \u00d5igus andmete kustutamisele: te v\u00f5ite samuti paluda oma isikuandmed kustutada, kui see pole enam vajalik eesm\u00e4rgil, milleks seda koguti, v\u00f5i kui te arvate, et t\u00f6\u00f6tlus on ebaseaduslik v\u00f5i te arvate, et isikuandmete kustutamine on vajalik \u00f5igusn\u00f5uete t\u00e4itmiseks.\r\ne) \u00d5igus andmete teisaldamisele: kui teie isikuandmeid on teie loal v\u00f5i vastastikuse lepingulise suhte p\u00f5hjal automaatselt t\u00f6\u00f6deldud, v\u00f5ite paluda, et me annaksime teile teie isikuandmed struktureeritud, \u00fcldkasutatavas ja masinloetavas vormingus. Enamgi veel, te v\u00f5ite ka paluda oma isikuandmed saata teisele t\u00f6\u00f6tlejale. Pidage meeles, et see on v\u00f5imalik ainult siis, kui see on tehniliselt teostatav.\r\nf) \u00d5igus oma n\u00f5usolek tagasi v\u00f5tta: juhtudel, kui t\u00f6\u00f6tlemine on toimunud teie n\u00f5usolekul, on teil \u00f5igus igal ajal oma n\u00f5usolek sellise t\u00f6\u00f6tlemise kohta tagasi v\u00f5tta.\r\ng) Loobuda turundusest: me anname teile ka v\u00f5imaluse loobuda meievahelisest suhtlusest, millal iganes me saadame teile teavet firma, meie korraldatud \u00fcrituste v\u00f5i m\u00f5ne muu teabe kohta, mis meie arvates v\u00f5ib teid huvitada. Lisaks on teil v\u00f5imalik loobuda igal ajal lihtsalt meiega \u00fchendust v\u00f5ttes.\r\n\r\nKui teil on kaebusi, kuidas me teie isikuandmeid t\u00f6\u00f6tleme, v\u00f5i soovite lihtsalt teada rohkem meie andmet\u00f6\u00f6tlustegevusest, v\u00f5tke meiega \u00fchendust, kasutades eeskirjade l\u00f5pus olevat teavet.\r\n\r\nTeil on \u00f5igus esitada kaebus andmekaitseasutusele, kui te arvate, et teie isikuandmeid t\u00f6\u00f6deldakse valesti v\u00f5i kui me oleme teie andmesubjekti\u00f5igusi rikkunud. Kaebust saate esitada, v\u00f5ttes \u00fchendust kohaliku jurisdiktsiooni andmekaitseasutusega, milleks v\u00f5ib olla teie andmesubjekti\u00f5iguste v\u00e4idetava rikkumise j\u00e4rgne asukoht v\u00f5i sobimatu andmet\u00f6\u00f6tlemise asukoht v\u00f5i elu- ja t\u00f6\u00f6koht.\r\n\r\nEsitades oma isikuandmeid meile v\u00f5i n\u00f5ustudes oma isikuandmete t\u00f6\u00f6tlemisega, n\u00f5ustute te oma andmete t\u00f6\u00f6tlemisega, sealhulgas andmete s\u00e4ilitamisega. Me v\u00f5tame kasutusele k\u00f5ik vajalikud ettevaatusabin\u00f5ud, et tagada teie andmete turvaline k\u00e4sitlemine vastavalt andmekaitseseadusele. Me ei s\u00e4ilita teie isikuandmeid kauem, kui on meie eeskirjades toodud eesm\u00e4rkide saavutamiseks vajalik. N\u00e4iteks v\u00f5ime me teie isikuandmeid edastada j\u00e4rgmistel alustel:\r\n\u2022 Euroopa Komisjoni kaitse piisavuse otsus;\r\n\u2022 Euroopa Komisjoni v\u00e4lja t\u00f6\u00f6tatud andmet\u00f6\u00f6tluse t\u00fc\u00fcptingimused;\r\n\u2022 andmekaitseasutuste v\u00e4lja t\u00f6\u00f6tatud andmet\u00f6\u00f6tluse t\u00fc\u00fcptingimused;\r\n\u2022 teiste v\u00f5imalike ettevaatusabin\u00f5ude ja erandite kasutamine, kui see on rakendatavate seadustega lubatud.\r\nNagu k\u00f5igi teie isikuandmete puhul, v\u00f5ite paluda teavitada end oma isikuandmete t\u00f6\u00f6tlemise \u00fcksikasjadest isikuandmete kaitse \u00fcldm\u00e4\u00e4ruse artikli 15 alusel. Te v\u00f5ite, nagu ka mistahes andmesubjekti \u00f5iguste teostamisel, teha seda, v\u00f5ttes meiega \u00fchendust eeskirjade l\u00f5pus oleva teabe kaudu.\r\n\r\n6. Kontakt\r\n\r\nKui teil tekib mingeid k\u00fcsimusi, p\u00e4ringuid, soove v\u00f5i kaebusi seoses teie isikuandmete t\u00f6\u00f6tlemisega, v\u00f5tke meiega julgelt \u00fchendust aadressil: info@springhub.org\r\n\r\n7. Eeskirjade muudatused\r\nMeil on \u00f5igus k\u00e4esolevaid eeskirju mis tahes ajal uuendada. Kui eeskirju on muudetud, siis postitame uue eeskirjade versiooni oma veebilehele. Soovitame aeg-ajalt kontrollida, kas mingeid muudatusi on eeskirjadesse tehtud\t\t\t\t\t\t\t\t<\/div>\n\t\t\t\t<\/div>\n\t\t\t\t\t<\/div>\n\t\t<\/div>\n\t\t\t\t\t<\/div>\n\t\t<\/section>\n\t\t\t\t<\/div>\n\t\t","protected":false},"excerpt":{"rendered":"<p>PRIVAATSUSPOLIITIKA spring hub koost\u00f6\u00f6tamiskeskus Viimane uuendus: 22.09.2022 Spring Hubis oleme v\u00f5tnud eesm\u00e4rgiks kaitsta sinu personaalse info privaatsust ja turvalisust, mida me omame ja t\u00f6\u00f6tleme. See Privaatsuspoliitika annab sulle \u00fclevaate kuidas me kogume ja kasutame seda informatsiooni mis tekib, kui sa kasutad meie teenuseid, mis on m\u00e4rgitud kodulehel www.springhub.org (\u201cKoduleht\u201d) v\u00f5i muid teenuseid (\u201cTeenused\u201d), mida me [&hellip;]<\/p>\n","protected":false},"author":1,"featured_media":0,"parent":0,"menu_order":0,"comment_status":"closed","ping_status":"closed","template":"","meta":{"footnotes":""},"class_list":["post-4449","page","type-page","status-publish","hentry"],"_links":{"self":[{"href":"https:\/\/springhub.org\/et\/wp-json\/wp\/v2\/pages\/4449","targetHints":{"allow":["GET"]}}],"collection":[{"href":"https:\/\/springhub.org\/et\/wp-json\/wp\/v2\/pages"}],"about":[{"href":"https:\/\/springhub.org\/et\/wp-json\/wp\/v2\/types\/page"}],"author":[{"embeddable":true,"href":"https:\/\/springhub.org\/et\/wp-json\/wp\/v2\/users\/1"}],"replies":[{"embeddable":true,"href":"https:\/\/springhub.org\/et\/wp-json\/wp\/v2\/comments?post=4449"}],"version-history":[{"count":2,"href":"https:\/\/springhub.org\/et\/wp-json\/wp\/v2\/pages\/4449\/revisions"}],"predecessor-version":[{"id":5277,"href":"https:\/\/springhub.org\/et\/wp-json\/wp\/v2\/pages\/4449\/revisions\/5277"}],"wp:attachment":[{"href":"https:\/\/springhub.org\/et\/wp-json\/wp\/v2\/media?parent=4449"}],"curies":[{"name":"wp","href":"https:\/\/api.w.org\/{rel}","templated":true}]}}